{"id":60,"date":"2019-08-06T09:02:05","date_gmt":"2019-08-06T06:02:05","guid":{"rendered":"https:\/\/bgrssb.icgbio.ru\/?page_id=60"},"modified":"2020-06-15T11:18:42","modified_gmt":"2020-06-15T11:18:42","slug":"symposium-systems-biology-and-biomedicine-human-genetics","status":"publish","type":"page","link":"https:\/\/bgrssb.icgbio.ru\/2020\/symposium-systems-biology-and-biomedicine-human-genetics\/","title":{"rendered":"Symposium \u201cSystems biology and biomedicine\u201d (Human genetics)"},"content":{"rendered":"<p><strong>Symposium \u201cSystems biology and biomedicine\u201d (SbioMed-2020)<\/strong><\/p>\n<p>The Symposium will be organized by the Siberian Branch of the Russian Academy of Sciences, Russian Federal Agency of Scientific Organizations, Research Institute of Clinical and Experimental Lymphology \u2013 Branch of the Institute of Cytology and Genetics, Siberian Branch of Russian Academy of Sciences and Novosibirsk State University.<\/p>\n<p>PROGRAM COMMITTEE<br \/>\nChairm\u0435n<br \/>\nAN Kolchanov, Novosibirsk, RF<br \/>\nAY Letyagin, Novosibirsk, RF<\/p>\n<p>Executive Secretary<br \/>\nVV Klimontov, Novosibirsk, RF<\/p>\n<p>Members<br \/>\nAV Baranova, Fairfast, USA<br \/>\nNP Bgatova, Novosibirsk, RF<br \/>\nIV Bondar, Moscow, RF<br \/>\nD Hodson, Birmingham, UK<br \/>\nVA Ivanisenko, Novosibirsk, RF<br \/>\nAW Hayes, Tampa, USA<br \/>\nR Hofest\u00e4dt, Bielefeld, Germany<br \/>\nNG Kolosova, Novosibirsk, RF<br \/>\nVI Konenkov, Novosibirsk, RF<br \/>\nMA Korolev, Novosibirsk, RF<br \/>\nSA Lashin, Novosibirsk, RF<br \/>\nL Lipovich, Detroit, USA<br \/>\nPG Madonov, Novosibirsk, RF<br \/>\nTI Merculova, Novosibirsk, RF<br \/>\nVV Nimaev, Novosibirsk, RF<br \/>\nYL Orlov, Moscow, RF<br \/>\nAG Pokrovsky, Novosibirsk, RF<br \/>\nOV Poveschenko, Novosibirsk, RF<br \/>\nAF Poveschenko, Novosibirsk, RF<br \/>\nVF Prokofiev, Novosibirsk, RF<br \/>\nVP Puzyrev, Tomsk, RF<br \/>\nO Ramich, Potsdam-Rehbr\u00fccke, Germany<br \/>\nN Rudovich, Z\u00fcrich, B\u00fclach, Switzerland<br \/>\nAV Shevchenko, Novosibirsk, RF<br \/>\nAO Solovieva, Novosibirsk, RF<br \/>\nTV Tatarinova, LaVerne, USA<\/p>\n<p>ORGANIZING COMMITTEE<br \/>\nChairman<br \/>\nMA Korolev<\/p>\n<p>Members<br \/>\nVV Klimontov<br \/>\nEV Kostjashkina-Kushchina<br \/>\nAY Letyagin<br \/>\nOV Petrovskaya<br \/>\nAE Trubacheva<br \/>\nSA Velikanov<br \/>\nNV Vlasova<br \/>\nSV Zubova<\/p>\n<p>The Symposium will provide a splendid opportunity for discussion of the achievement in System Biology and Biomedicine by the experts in different fields, including biologists, geneticists, physicians, pharmacists, bioinformatics, etc. The symposium will be held in the form of plenary lectures, oral and poster presentations.<\/p>\n<p><strong>The scientific program of Symposium includes the following sections:<\/strong><\/p>\n<ul>\n<li><em><strong>Medicine in the \u201cOmics\u201d Era<\/strong><\/em><\/li>\n<li><em><strong>Genotyping Precision Medicine<\/strong><\/em><\/li>\n<li><em><strong>Systems Biology, Genetics and Bioinformatics in the Study of Human Health and Diseases<\/strong><\/em><\/li>\n<li><em><strong>Translational Medicine: from Animal Models to Clinical Studies <\/strong><\/em><\/li>\n<li><em><strong>Molec<\/strong><strong>ular Biology in Human Health and Disease\u00a0\u00a0\u00a0\u00a0\u00a0\u00a0\u00a0\u00a0\u00a0\u00a0\u00a0\u00a0\u00a0\u00a0<\/strong><\/em><\/li>\n<li><em><strong>Cell Technology and Regenerative Medicine\u00a0\u00a0\u00a0\u00a0\u00a0\u00a0<\/strong><\/em><\/li>\n<li><em><strong>New Biomarkers and Molecular Targets\u00a0\u00a0\u00a0\u00a0\u00a0<\/strong><\/em><\/li>\n<li><em><strong>Human Microbiome\u00a0\u00a0\u00a0\u00a0\u00a0\u00a0<\/strong><\/em><\/li>\n<li><strong><em>Digital Medicine: Presence and Future\u00a0\u00a0\u00a0\u00a0\u00a0\u00a0\u00a0\u00a0\u00a0\u00a0\u00a0\u00a0\u00a0\u00a0\u00a0\u00a0\u00a0\u00a0\u00a0\u00a0\u00a0\u00a0\u00a0\u00a0\u00a0\u00a0\u00a0\u00a0\u00a0\u00a0\u00a0\u00a0\u00a0\u00a0\u00a0\u00a0\u00a0\u00a0 \u00a0\u00a0\u00a0\u00a0\u00a0\u00a0\u00a0\u00a0\u00a0\u00a0\u00a0\u00a0\u00a0\u00a0\u00a0\u00a0\u00a0\u00a0\u00a0\u00a0\u00a0\u00a0\u00a0\u00a0\u00a0\u00a0 <\/em><\/strong><\/li>\n<\/ul>\n<p>&nbsp;<\/p>\n","protected":false},"excerpt":{"rendered":"<p>Symposium \u201cSystems biology and biomedicine\u201d (SbioMed-2020) The Symposium will be organized by the Siberian Branch of the Russian Academy of Sciences, Russian Federal Agency of Scientific Organizations, Research Institute of Clinical and Experimental Lymphology \u2013 Branch of the Institute of Cytology and Genetics, Siberian Branch of Russian Academy of Sciences and Novosibirsk State University. PROGRAM COMMITTEE Chairm\u0435n AN Kolchanov, Novosibirsk, RF AY Letyagin, Novosibirsk, RF Executive Secretary VV Klimontov, Novosibirsk, RF Members AV Baranova, Fairfast, USA NP Bgatova, Novosibirsk, RF IV Bondar, Moscow, RF D Hodson, Birmingham, UK VA Ivanisenko, Novosibirsk, RF AW Hayes, Tampa, USA R Hofest\u00e4dt, Bielefeld, Germany NG Kolosova, Novosibirsk, RF VI Konenkov, Novosibirsk, RF MA Korolev, Novosibirsk, RF SA Lashin, Novosibirsk, RF L Lipovich, Detroit, USA PG Madonov, Novosibirsk, RF TI Merculova, Novosibirsk, RF VV Nimaev, Novosibirsk, RF YL Orlov, Moscow, RF AG Pokrovsky, Novosibirsk, RF OV Poveschenko, Novosibirsk, RF AF Poveschenko, Novosibirsk, RF VF Prokofiev, Novosibirsk, RF VP Puzyrev, Tomsk, RF O Ramich, Potsdam-Rehbr\u00fccke, Germany N Rudovich, Z\u00fcrich, B\u00fclach, Switzerland AV Shevchenko, Novosibirsk, RF AO Solovieva, Novosibirsk, RF TV Tatarinova, LaVerne, USA ORGANIZING COMMITTEE Chairman MA Korolev Members VV Klimontov EV Kostjashkina-Kushchina AY Letyagin OV Petrovskaya AE Trubacheva SA Velikanov NV Vlasova SV Zubova The Symposium will provide a splendid opportunity for discussion of the achievement in System Biology and Biomedicine by the experts in different fields, including biologists, geneticists, physicians, pharmacists, bioinformatics, etc. The symposium will be held in the form of plenary lectures, oral and poster presentations. The scientific program of Symposium includes the following sections: Medicine in the \u201cOmics\u201d Era Genotyping Precision Medicine Systems Biology, Genetics and Bioinformatics in the Study of Human Health and Diseases Translational Medicine: from Animal Models to Clinical Studies Molecular Biology in Human Health and Disease\u00a0\u00a0\u00a0\u00a0\u00a0\u00a0\u00a0\u00a0\u00a0\u00a0\u00a0\u00a0\u00a0\u00a0 Cell Technology and Regenerative Medicine\u00a0\u00a0\u00a0\u00a0\u00a0\u00a0 New Biomarkers and Molecular Targets\u00a0\u00a0\u00a0\u00a0\u00a0 Human Microbiome\u00a0\u00a0\u00a0\u00a0\u00a0\u00a0 Digital Medicine: Presence and Future\u00a0\u00a0\u00a0\u00a0\u00a0\u00a0\u00a0\u00a0\u00a0\u00a0\u00a0\u00a0\u00a0\u00a0\u00a0\u00a0\u00a0\u00a0\u00a0\u00a0\u00a0\u00a0\u00a0\u00a0\u00a0\u00a0\u00a0\u00a0\u00a0\u00a0\u00a0\u00a0\u00a0\u00a0\u00a0\u00a0\u00a0\u00a0 \u00a0\u00a0\u00a0\u00a0\u00a0\u00a0\u00a0\u00a0\u00a0\u00a0\u00a0\u00a0\u00a0\u00a0\u00a0\u00a0\u00a0\u00a0\u00a0\u00a0\u00a0\u00a0\u00a0\u00a0\u00a0\u00a0 &nbsp;<\/p>\n","protected":false},"author":9,"featured_media":0,"parent":0,"menu_order":0,"comment_status":"closed","ping_status":"closed","template":"","meta":[],"_links":{"self":[{"href":"https:\/\/bgrssb.icgbio.ru\/2020\/wp-json\/wp\/v2\/pages\/60"}],"collection":[{"href":"https:\/\/bgrssb.icgbio.ru\/2020\/wp-json\/wp\/v2\/pages"}],"about":[{"href":"https:\/\/bgrssb.icgbio.ru\/2020\/wp-json\/wp\/v2\/types\/page"}],"author":[{"embeddable":true,"href":"https:\/\/bgrssb.icgbio.ru\/2020\/wp-json\/wp\/v2\/users\/9"}],"replies":[{"embeddable":true,"href":"https:\/\/bgrssb.icgbio.ru\/2020\/wp-json\/wp\/v2\/comments?post=60"}],"version-history":[{"count":6,"href":"https:\/\/bgrssb.icgbio.ru\/2020\/wp-json\/wp\/v2\/pages\/60\/revisions"}],"predecessor-version":[{"id":1729,"href":"https:\/\/bgrssb.icgbio.ru\/2020\/wp-json\/wp\/v2\/pages\/60\/revisions\/1729"}],"wp:attachment":[{"href":"https:\/\/bgrssb.icgbio.ru\/2020\/wp-json\/wp\/v2\/media?parent=60"}],"curies":[{"name":"wp","href":"https:\/\/api.w.org\/{rel}","templated":true}]}}